{"id":961,"date":"2022-01-06T14:53:18","date_gmt":"2022-01-06T14:53:18","guid":{"rendered":"https:\/\/sitioweb.ddev.site\/blog\/"},"modified":"2025-05-20T17:31:00","modified_gmt":"2025-05-20T17:31:00","slug":"blog-fr","status":"publish","type":"page","link":"https:\/\/olaclic-dev.gentetech.co\/fr\/blog-fr\/","title":{"rendered":"Blog"},"content":{"rendered":"\t\t<div data-elementor-type=\"wp-page\" data-elementor-id=\"961\" class=\"elementor elementor-961 elementor-683\" data-elementor-post-type=\"page\">\n\t\t\t\t\t\t<section class=\"elementor-section elementor-top-section elementor-element elementor-element-0e569b8 elementor-section-boxed elementor-section-height-default elementor-section-height-default\" data-id=\"0e569b8\" data-element_type=\"section\" data-settings=\"{&quot;background_background&quot;:&quot;classic&quot;}\">\n\t\t\t\t\t\t<div class=\"elementor-container elementor-column-gap-default\">\n\t\t\t\t\t<div class=\"elementor-column elementor-col-100 elementor-top-column elementor-element elementor-element-895ffc2\" data-id=\"895ffc2\" data-element_type=\"column\">\n\t\t\t<div class=\"elementor-widget-wrap elementor-element-populated\">\n\t\t\t\t\t\t<div class=\"elementor-element elementor-element-a47605e uael-posts-thumbnail-ratio elementor-widget elementor-widget-uael-posts\" data-id=\"a47605e\" data-element_type=\"widget\" data-settings=\"{&quot;feed_slides_to_show_tablet&quot;:2,&quot;feed_slides_to_show_mobile&quot;:1,&quot;feed_show_filters&quot;:&quot;no&quot;}\" data-widget_type=\"uael-posts.feed\">\n\t\t\t\t<div class=\"elementor-widget-container\">\n\t\t\t\t\t\t\t<div class=\"uael-post__header\">\n\t\t\t\t\t<\/div>\n\t\t<div class=\"uael-post__body\">\n\t\t\t\n\t\t\n\t\t<div class=\"uael-post-grid uael-posts\" data-query-type=\"custom\" data-structure=\"\" data-layout=\"\" data-page=\"961\" data-skin=\"feed\" data-filter-default=\"\" data-offset-top=\"30\" >\n\n\t\t\t\t\t\t\t<div class=\"uael-post-grid__inner uael-post__columns-1 uael-post__columns-tablet-1 uael-post__columns-mobile-1\">\n\t\t\t\n\n<div class=\"uael-post-wrapper  nouveaut\u00e9s \">\n\n\t<div class=\"uael-post__bg-wrap\">\n\t\t\n\t\t\n\t\t<div class=\"uael-post__inner-wrap \">\n\n\t\t\t\t<div class=\"uael-post__thumbnail\">\n\t\t\t\n\t\t\t<a href=\"https:\/\/olaclic-dev.gentetech.co\/fr\/chosen-for-the-googlecloud-accelerator-program\/\" target=\"_self\" title=\"S\u00e9lectionn\u00e9 pour le programme #GoogleCloud Accelerator\"><img fetchpriority=\"high\" decoding=\"async\" width=\"675\" height=\"380\" src=\"https:\/\/olaclic-dev.gentetech.co\/wp-content\/uploads\/2022\/01\/1629398778-Google-.jpeg\" class=\"attachment-full size-full wp-image-660\" alt=\"menudigital oalal\" srcset=\"https:\/\/olaclic-dev.gentetech.co\/wp-content\/uploads\/2022\/01\/1629398778-Google-.jpeg 675w, https:\/\/olaclic-dev.gentetech.co\/wp-content\/uploads\/2022\/01\/1629398778-Google--300x169.jpeg 300w\" sizes=\"(max-width: 675px) 100vw, 675px\" \/><\/a>\n\t\t\t\t\t<\/div>\n\t\t\n\t\t\t\n\t\t\t<div class=\"uael-post__content-wrap\">\n\n\t\t\t\t\t<h3 class=\"uael-post__title\">\n\n\t\t\n\t\t\t\t\t\t<a href=\"https:\/\/olaclic-dev.gentetech.co\/fr\/chosen-for-the-googlecloud-accelerator-program\/\" target=\"_self\">\n\t\t\t\tS\u00e9lectionn\u00e9 pour le programme #GoogleCloud Accelerator\t\t\t<\/a>\n\n\t\t\t\t<\/h3>\n\t\t<div class=\"uael-post__separator\"><\/div>\n\t\t<div class=\"uael-post__excerpt\">\n\t\t\t\u00c0 l&rsquo;\u00e8re du num\u00e9rique, les entreprises cherchent en permanence des moyens d&rsquo;innover et d&rsquo;am\u00e9liorer leurs processus. Une entreprise reconnue pour ...\t\t<\/div>\n\n\t\t\t\t\t<a class=\"uael-post__read-more elementor-button\" href=\"https:\/\/olaclic-dev.gentetech.co\/fr\/chosen-for-the-googlecloud-accelerator-program\/\" target=\"_self\" aria-labelledby=\"uael-post-977\">\n\t\t\t\t\t<span class=\"elementor-button-content-wrapper\">\n\t\t\t\t\t\t\t\t\t\t\t\t\t\t<span class=\"elementor-button-icon elementor-align-icon-left\">\n\n\t\t\t\t\t\t\t\t\t\n\t\t\t\t\t\t\t\t<\/span>\n\t\t\t\t\t\t\t\t\t\t\t\t\t\n\t\t\t\t\t\t<span class=\"elementor-button-text\" id=uael-post-977>En savoir plus<\/span>\n\t\t\t\t\t<\/span>\n\t\t\t\t<\/a>\n\t\t\t\t\t\t<\/div>\n\t\t\t\n\t\t<\/div>\n\t\t\n\t<\/div>\n\n<\/div>\n\t\t\t\t<\/div>\n\t\t\t\t\t\t\n\t\t<\/div>\n\n\t\t\t\t\t\t<\/div>\n\t\t<div class=\"uael-post__footer\">\n\t\t\t\t\t<\/div>\n\t\t\t\t\t\t<\/div>\n\t\t\t\t<\/div>\n\t\t\t\t<div class=\"elementor-element elementor-element-99deb15 elementor-widget elementor-widget-heading\" data-id=\"99deb15\" data-element_type=\"widget\" data-widget_type=\"heading.default\">\n\t\t\t\t\t<h4 class=\"elementor-heading-title elementor-size-default\">OlaClick aide plus de 200 000 entreprises \u00e0 devenir plus comp\u00e9titives.<\/h4>\t\t\t\t<\/div>\n\t\t\t\t\t<\/div>\n\t\t<\/div>\n\t\t\t\t\t<\/div>\n\t\t<\/section>\n\t\t\t\t<section class=\"elementor-section elementor-top-section elementor-element elementor-element-af6a1c3 elementor-section-boxed elementor-section-height-default elementor-section-height-default\" data-id=\"af6a1c3\" data-element_type=\"section\">\n\t\t\t\t\t\t<div class=\"elementor-container elementor-column-gap-default\">\n\t\t\t\t\t<div class=\"elementor-column elementor-col-100 elementor-top-column elementor-element elementor-element-3856e6b\" data-id=\"3856e6b\" data-element_type=\"column\">\n\t\t\t<div class=\"elementor-widget-wrap elementor-element-populated\">\n\t\t\t\t\t\t<div class=\"elementor-element elementor-element-525fb74 elementor-widget elementor-widget-heading\" data-id=\"525fb74\" data-element_type=\"widget\" data-widget_type=\"heading.default\">\n\t\t\t\t\t<h2 class=\"elementor-heading-title elementor-size-default\">Blog<\/h2>\t\t\t\t<\/div>\n\t\t\t\t\t<\/div>\n\t\t<\/div>\n\t\t\t\t\t<\/div>\n\t\t<\/section>\n\t\t\t\t<section class=\"elementor-section elementor-top-section elementor-element elementor-element-315a90f elementor-section-boxed elementor-section-height-default elementor-section-height-default\" data-id=\"315a90f\" data-element_type=\"section\">\n\t\t\t\t\t\t<div class=\"elementor-container elementor-column-gap-default\">\n\t\t\t\t\t<div class=\"elementor-column elementor-col-100 elementor-top-column elementor-element elementor-element-305f218\" data-id=\"305f218\" data-element_type=\"column\">\n\t\t\t<div class=\"elementor-widget-wrap elementor-element-populated\">\n\t\t\t\t\t\t<div class=\"elementor-element elementor-element-6eae103 uael-post__filter-align-center uael-posts-thumbnail-ratio uael-post__content-align-left elementor-widget elementor-widget-uael-posts\" data-id=\"6eae103\" data-element_type=\"widget\" data-settings=\"{&quot;business_show_filters&quot;:&quot;yes&quot;,&quot;business_slides_to_show&quot;:3,&quot;business_slides_to_show_tablet&quot;:2,&quot;business_slides_to_show_mobile&quot;:1}\" data-widget_type=\"uael-posts.business\">\n\t\t\t\t<div class=\"elementor-widget-container\">\n\t\t\t\t\t\t\t<div class=\"uael-post__header\">\n\t\t\t\t\t<div class=\"uael-post__header-filters-wrap\">\n\t\t\t<ul class=\"uael-post__header-filters\" aria-label=\"Taxonomy Filter\">\n\t\t\t\t<li class=\"uael-post__header-filter uael-filter__current\" data-filter=\"*\">All<\/li>\n\t\t\t\t\t\t\t\t<li class=\"uael-post__header-filter\" data-filter=\".news\" tabindex=\"0\">Nouveaut\u00e9s<\/li>\n\t\t\t\t\t\t\t<\/ul>\n\n\t\t\t\t\t<\/div>\n\t\t\t\t<\/div>\n\t\t<div class=\"uael-post__body\">\n\t\t\t\n\t\t\n\t\t<div class=\"uael-blog-terms-position-media uael-post-image-top uael-post-grid uael-posts\" data-query-type=\"custom\" data-structure=\"normal\" data-layout=\"\" data-page=\"961\" data-skin=\"business\" data-filter-default=\"All\" data-offset-top=\"30\" >\n\n\t\t\t\t\t\t\t<div class=\"uael-post-grid__inner uael-post__columns-3 uael-post__columns-tablet-2 uael-post__columns-mobile-1\">\n\t\t\t\n\n<div class=\"uael-post-wrapper news  nouveaut\u00e9s \">\n\t<div class=\"uael-post__bg-wrap uael-bg-wrap-disabled\">\n\n\t\t\t\t\n\t\t<div class=\"uael-post__inner-wrap uael-inner-wrap-disabled\">\n\n\t\t\t\t<div class=\"uael-post__thumbnail\">\n\t\t\t\n\t\t\t<a href=\"https:\/\/olaclic-dev.gentetech.co\/fr\/chosen-for-the-googlecloud-accelerator-program\/\" target=\"_self\" title=\"S\u00e9lectionn\u00e9 pour le programme #GoogleCloud Accelerator\"><img fetchpriority=\"high\" decoding=\"async\" width=\"675\" height=\"380\" src=\"https:\/\/olaclic-dev.gentetech.co\/wp-content\/uploads\/2022\/01\/1629398778-Google-.jpeg\" class=\"attachment-full size-full wp-image-660\" alt=\"menudigital oalal\" srcset=\"https:\/\/olaclic-dev.gentetech.co\/wp-content\/uploads\/2022\/01\/1629398778-Google-.jpeg 675w, https:\/\/olaclic-dev.gentetech.co\/wp-content\/uploads\/2022\/01\/1629398778-Google--300x169.jpeg 300w\" sizes=\"(max-width: 675px) 100vw, 675px\" \/><\/a>\n\t\t\t<span class=\"uael-post__terms\"><span class=\"uael-listing__terms-link\">Nouveaut\u00e9s<\/span><\/span>\t\t<\/div>\n\t\t\n\t\t\t\n\t\t\t<div class=\"uael-post__content-wrap uael-content-wrap-disabled\">\n\t\t\t\t\t\t<h4 class=\"uael-post__title\">\n\n\t\t\n\t\t\t\t\t\t<a href=\"https:\/\/olaclic-dev.gentetech.co\/fr\/chosen-for-the-googlecloud-accelerator-program\/\" target=\"_self\">\n\t\t\t\tS\u00e9lectionn\u00e9 pour le programme #GoogleCloud Accelerator\t\t\t<\/a>\n\n\t\t\t\t<\/h4>\n\t\t<div class=\"uael-post__separator-wrap\"><div class=\"uael-post__separator uael-post__gradient-separator\"><\/div><\/div>\n\t\t<div class=\"uael-post__excerpt\">\n\t\t\t\u00c0 l&rsquo;\u00e8re du num\u00e9rique, les entreprises cherchent en permanence des moyens d&rsquo;innover et d&rsquo;am\u00e9liorer leurs processus. Une entreprise reconnue pour son innovation est OlaClick, une ...\t\t<\/div>\n\n\t\t\t\t\t<\/div>\n\t\t\t\n\t\t<\/div>\n\t\t\n\t<\/div>\n\n<\/div>\n\n\n<div class=\"uael-post-wrapper news  nouveaut\u00e9s \">\n\t<div class=\"uael-post__bg-wrap uael-bg-wrap-disabled\">\n\n\t\t\t\t\n\t\t<div class=\"uael-post__inner-wrap uael-inner-wrap-disabled\">\n\n\t\t\t\t<div class=\"uael-post__thumbnail\">\n\t\t\t\n\t\t\t<a href=\"https:\/\/olaclic-dev.gentetech.co\/fr\/olaclick-is-part-of-y-combinator\/\" target=\"_self\" title=\"OlaClick fait partie de Y Combinator\"><img decoding=\"async\" width=\"1166\" height=\"612\" src=\"https:\/\/olaclic-dev.gentetech.co\/wp-content\/uploads\/2022\/01\/Facebook-post-1.webp\" class=\"attachment-full size-full wp-image-590\" alt=\"OlaClick es escogida por YC21\" srcset=\"https:\/\/olaclic-dev.gentetech.co\/wp-content\/uploads\/2022\/01\/Facebook-post-1.webp 1166w, https:\/\/olaclic-dev.gentetech.co\/wp-content\/uploads\/2022\/01\/Facebook-post-1-300x157.webp 300w, https:\/\/olaclic-dev.gentetech.co\/wp-content\/uploads\/2022\/01\/Facebook-post-1-1024x537.webp 1024w, https:\/\/olaclic-dev.gentetech.co\/wp-content\/uploads\/2022\/01\/Facebook-post-1-768x403.webp 768w\" sizes=\"(max-width: 1166px) 100vw, 1166px\" \/><\/a>\n\t\t\t<span class=\"uael-post__terms\"><span class=\"uael-listing__terms-link\">Nouveaut\u00e9s<\/span><\/span>\t\t<\/div>\n\t\t\n\t\t\t\n\t\t\t<div class=\"uael-post__content-wrap uael-content-wrap-disabled\">\n\t\t\t\t\t\t<h4 class=\"uael-post__title\">\n\n\t\t\n\t\t\t\t\t\t<a href=\"https:\/\/olaclic-dev.gentetech.co\/fr\/olaclick-is-part-of-y-combinator\/\" target=\"_self\">\n\t\t\t\tOlaClick fait partie de Y Combinator\t\t\t<\/a>\n\n\t\t\t\t<\/h4>\n\t\t<div class=\"uael-post__separator-wrap\"><div class=\"uael-post__separator uael-post__gradient-separator\"><\/div><\/div>\n\t\t<div class=\"uael-post__excerpt\">\n\t\t\tOlaClick fait partie de la manche W21 du c\u00e9l\u00e8bre acc\u00e9l\u00e9rateur de start-up de la Silicon Valley. Avec l&rsquo;apparition de Covid-19, nous avons vu \u00e0 quel ...\t\t<\/div>\n\n\t\t\t\t\t<\/div>\n\t\t\t\n\t\t<\/div>\n\t\t\n\t<\/div>\n\n<\/div>\n\t\t\t\t<\/div>\n\t\t\t\t\t\t\n\t\t<\/div>\n\n\t\t\t\t\t\t<\/div>\n\t\t<div class=\"uael-post__footer\">\n\t\t\t\t\t<\/div>\n\t\t\t\t\t\t<\/div>\n\t\t\t\t<\/div>\n\t\t\t\t\t<\/div>\n\t\t<\/div>\n\t\t\t\t\t<\/div>\n\t\t<\/section>\n\t\t\t\t<\/div>\n\t\t","protected":false},"excerpt":{"rendered":"<p>S\u00e9lectionn\u00e9 pour le programme #GoogleCloud Accelerator \u00c0 l&#8217;\u00e8re du num\u00e9rique, les entreprises cherchent en permanence des moyens d&#8217;innover et d&#8217;am\u00e9liorer leurs processus. Une entreprise reconnue pour son innovation est OlaClick, une &#8230; En savoir plus OlaClick aide plus de 200 000 entreprises \u00e0 devenir plus comp\u00e9titives. Blog All Nouveaut\u00e9s Nouveaut\u00e9s S\u00e9lectionn\u00e9 pour le programme #GoogleCloud [&hellip;]<\/p>\n","protected":false},"author":1,"featured_media":0,"parent":0,"menu_order":0,"comment_status":"closed","ping_status":"closed","template":"","meta":{"_acf_changed":false,"content-type":"","description":"","footnotes":""},"class_list":["post-961","page","type-page","status-publish","hentry"],"acf":[],"yoast_head":"<!-- This site is optimized with the Yoast SEO plugin v26.6 - https:\/\/yoast.com\/wordpress\/plugins\/seo\/ -->\n<title>Blog - OlaClick<\/title>\n<meta name=\"description\" content=\"Vous trouverez ici toutes les informations n\u00e9cessaires pour faire passer votre entreprise au niveau sup\u00e9rieur avec OlaClick.\" \/>\n<meta name=\"robots\" content=\"index, follow, max-snippet:-1, max-image-preview:large, max-video-preview:-1\" \/>\n<link rel=\"canonical\" href=\"https:\/\/olaclic-dev.gentetech.co\/fr\/blog-fr\/\" \/>\n<meta property=\"og:locale\" content=\"fr_FR\" \/>\n<meta property=\"og:type\" content=\"article\" \/>\n<meta property=\"og:title\" content=\"Blog - OlaClick\" \/>\n<meta property=\"og:description\" content=\"Vous trouverez ici toutes les informations n\u00e9cessaires pour faire passer votre entreprise au niveau sup\u00e9rieur avec OlaClick.\" \/>\n<meta property=\"og:url\" content=\"https:\/\/olaclic-dev.gentetech.co\/fr\/blog-fr\/\" \/>\n<meta property=\"og:site_name\" content=\"OlaClick\" \/>\n<meta property=\"article:modified_time\" content=\"2025-05-20T17:31:00+00:00\" \/>\n<meta property=\"og:image\" content=\"https:\/\/sitioweb.ddev.site\/wp-content\/uploads\/2022\/01\/1629398778-Google-.jpeg\" \/>\n<meta name=\"twitter:card\" content=\"summary_large_image\" \/>\n<meta name=\"twitter:label1\" content=\"Dur\u00e9e de lecture estim\u00e9e\" \/>\n\t<meta name=\"twitter:data1\" content=\"2 minutes\" \/>\n<script type=\"application\/ld+json\" class=\"yoast-schema-graph\">{\"@context\":\"https:\/\/schema.org\",\"@graph\":[{\"@type\":\"WebPage\",\"@id\":\"https:\/\/olaclic-dev.gentetech.co\/fr\/blog-fr\/\",\"url\":\"https:\/\/olaclic-dev.gentetech.co\/fr\/blog-fr\/\",\"name\":\"Blog - OlaClick\",\"isPartOf\":{\"@id\":\"https:\/\/sitioweb.ddev.site\/#website\"},\"primaryImageOfPage\":{\"@id\":\"https:\/\/olaclic-dev.gentetech.co\/fr\/blog-fr\/#primaryimage\"},\"image\":{\"@id\":\"https:\/\/olaclic-dev.gentetech.co\/fr\/blog-fr\/#primaryimage\"},\"thumbnailUrl\":\"https:\/\/olaclic-dev.gentetech.co\/wp-content\/uploads\/2022\/01\/1629398778-Google-.jpeg\",\"datePublished\":\"2022-01-06T14:53:18+00:00\",\"dateModified\":\"2025-05-20T17:31:00+00:00\",\"description\":\"Vous trouverez ici toutes les informations n\u00e9cessaires pour faire passer votre entreprise au niveau sup\u00e9rieur avec OlaClick.\",\"breadcrumb\":{\"@id\":\"https:\/\/olaclic-dev.gentetech.co\/fr\/blog-fr\/#breadcrumb\"},\"inLanguage\":\"fr-FR\",\"potentialAction\":[{\"@type\":\"ReadAction\",\"target\":[\"https:\/\/olaclic-dev.gentetech.co\/fr\/blog-fr\/\"]}]},{\"@type\":\"ImageObject\",\"inLanguage\":\"fr-FR\",\"@id\":\"https:\/\/olaclic-dev.gentetech.co\/fr\/blog-fr\/#primaryimage\",\"url\":\"https:\/\/olaclic-dev.gentetech.co\/wp-content\/uploads\/2022\/01\/1629398778-Google-.jpeg\",\"contentUrl\":\"https:\/\/olaclic-dev.gentetech.co\/wp-content\/uploads\/2022\/01\/1629398778-Google-.jpeg\"},{\"@type\":\"BreadcrumbList\",\"@id\":\"https:\/\/olaclic-dev.gentetech.co\/fr\/blog-fr\/#breadcrumb\",\"itemListElement\":[{\"@type\":\"ListItem\",\"position\":1,\"name\":\"Home\",\"item\":\"https:\/\/sitioweb.ddev.site\/fr\/\"},{\"@type\":\"ListItem\",\"position\":2,\"name\":\"Blog\"}]},{\"@type\":\"WebSite\",\"@id\":\"https:\/\/sitioweb.ddev.site\/#website\",\"url\":\"https:\/\/sitioweb.ddev.site\/\",\"name\":\"OlaClick\",\"description\":\"Free digital menu! Qr Code\",\"publisher\":{\"@id\":\"https:\/\/sitioweb.ddev.site\/#organization\"},\"potentialAction\":[{\"@type\":\"SearchAction\",\"target\":{\"@type\":\"EntryPoint\",\"urlTemplate\":\"https:\/\/sitioweb.ddev.site\/?s={search_term_string}\"},\"query-input\":{\"@type\":\"PropertyValueSpecification\",\"valueRequired\":true,\"valueName\":\"search_term_string\"}}],\"inLanguage\":\"fr-FR\"},{\"@type\":\"Organization\",\"@id\":\"https:\/\/sitioweb.ddev.site\/#organization\",\"name\":\"Olaclick\",\"url\":\"https:\/\/sitioweb.ddev.site\/\",\"logo\":{\"@type\":\"ImageObject\",\"inLanguage\":\"fr-FR\",\"@id\":\"https:\/\/sitioweb.ddev.site\/#\/schema\/logo\/image\/\",\"url\":\"https:\/\/olaclic-dev.gentetech.co\/wp-content\/uploads\/2023\/03\/cropped-Logo_Logo-Fundo-Azul-1.png\",\"contentUrl\":\"https:\/\/olaclic-dev.gentetech.co\/wp-content\/uploads\/2023\/03\/cropped-Logo_Logo-Fundo-Azul-1.png\",\"width\":512,\"height\":512,\"caption\":\"Olaclick\"},\"image\":{\"@id\":\"https:\/\/sitioweb.ddev.site\/#\/schema\/logo\/image\/\"}}]}<\/script>\n<!-- \/ Yoast SEO plugin. -->","yoast_head_json":{"title":"Blog - OlaClick","description":"Vous trouverez ici toutes les informations n\u00e9cessaires pour faire passer votre entreprise au niveau sup\u00e9rieur avec OlaClick.","robots":{"index":"index","follow":"follow","max-snippet":"max-snippet:-1","max-image-preview":"max-image-preview:large","max-video-preview":"max-video-preview:-1"},"canonical":"https:\/\/olaclic-dev.gentetech.co\/fr\/blog-fr\/","og_locale":"fr_FR","og_type":"article","og_title":"Blog - OlaClick","og_description":"Vous trouverez ici toutes les informations n\u00e9cessaires pour faire passer votre entreprise au niveau sup\u00e9rieur avec OlaClick.","og_url":"https:\/\/olaclic-dev.gentetech.co\/fr\/blog-fr\/","og_site_name":"OlaClick","article_modified_time":"2025-05-20T17:31:00+00:00","og_image":[{"url":"https:\/\/sitioweb.ddev.site\/wp-content\/uploads\/2022\/01\/1629398778-Google-.jpeg","type":"","width":"","height":""}],"twitter_card":"summary_large_image","twitter_misc":{"Dur\u00e9e de lecture estim\u00e9e":"2 minutes"},"schema":{"@context":"https:\/\/schema.org","@graph":[{"@type":"WebPage","@id":"https:\/\/olaclic-dev.gentetech.co\/fr\/blog-fr\/","url":"https:\/\/olaclic-dev.gentetech.co\/fr\/blog-fr\/","name":"Blog - OlaClick","isPartOf":{"@id":"https:\/\/sitioweb.ddev.site\/#website"},"primaryImageOfPage":{"@id":"https:\/\/olaclic-dev.gentetech.co\/fr\/blog-fr\/#primaryimage"},"image":{"@id":"https:\/\/olaclic-dev.gentetech.co\/fr\/blog-fr\/#primaryimage"},"thumbnailUrl":"https:\/\/olaclic-dev.gentetech.co\/wp-content\/uploads\/2022\/01\/1629398778-Google-.jpeg","datePublished":"2022-01-06T14:53:18+00:00","dateModified":"2025-05-20T17:31:00+00:00","description":"Vous trouverez ici toutes les informations n\u00e9cessaires pour faire passer votre entreprise au niveau sup\u00e9rieur avec OlaClick.","breadcrumb":{"@id":"https:\/\/olaclic-dev.gentetech.co\/fr\/blog-fr\/#breadcrumb"},"inLanguage":"fr-FR","potentialAction":[{"@type":"ReadAction","target":["https:\/\/olaclic-dev.gentetech.co\/fr\/blog-fr\/"]}]},{"@type":"ImageObject","inLanguage":"fr-FR","@id":"https:\/\/olaclic-dev.gentetech.co\/fr\/blog-fr\/#primaryimage","url":"https:\/\/olaclic-dev.gentetech.co\/wp-content\/uploads\/2022\/01\/1629398778-Google-.jpeg","contentUrl":"https:\/\/olaclic-dev.gentetech.co\/wp-content\/uploads\/2022\/01\/1629398778-Google-.jpeg"},{"@type":"BreadcrumbList","@id":"https:\/\/olaclic-dev.gentetech.co\/fr\/blog-fr\/#breadcrumb","itemListElement":[{"@type":"ListItem","position":1,"name":"Home","item":"https:\/\/sitioweb.ddev.site\/fr\/"},{"@type":"ListItem","position":2,"name":"Blog"}]},{"@type":"WebSite","@id":"https:\/\/sitioweb.ddev.site\/#website","url":"https:\/\/sitioweb.ddev.site\/","name":"OlaClick","description":"Free digital menu! Qr Code","publisher":{"@id":"https:\/\/sitioweb.ddev.site\/#organization"},"potentialAction":[{"@type":"SearchAction","target":{"@type":"EntryPoint","urlTemplate":"https:\/\/sitioweb.ddev.site\/?s={search_term_string}"},"query-input":{"@type":"PropertyValueSpecification","valueRequired":true,"valueName":"search_term_string"}}],"inLanguage":"fr-FR"},{"@type":"Organization","@id":"https:\/\/sitioweb.ddev.site\/#organization","name":"Olaclick","url":"https:\/\/sitioweb.ddev.site\/","logo":{"@type":"ImageObject","inLanguage":"fr-FR","@id":"https:\/\/sitioweb.ddev.site\/#\/schema\/logo\/image\/","url":"https:\/\/olaclic-dev.gentetech.co\/wp-content\/uploads\/2023\/03\/cropped-Logo_Logo-Fundo-Azul-1.png","contentUrl":"https:\/\/olaclic-dev.gentetech.co\/wp-content\/uploads\/2023\/03\/cropped-Logo_Logo-Fundo-Azul-1.png","width":512,"height":512,"caption":"Olaclick"},"image":{"@id":"https:\/\/sitioweb.ddev.site\/#\/schema\/logo\/image\/"}}]}},"_links":{"self":[{"href":"https:\/\/olaclic-dev.gentetech.co\/fr\/wp-json\/wp\/v2\/pages\/961","targetHints":{"allow":["GET"]}}],"collection":[{"href":"https:\/\/olaclic-dev.gentetech.co\/fr\/wp-json\/wp\/v2\/pages"}],"about":[{"href":"https:\/\/olaclic-dev.gentetech.co\/fr\/wp-json\/wp\/v2\/types\/page"}],"author":[{"embeddable":true,"href":"https:\/\/olaclic-dev.gentetech.co\/fr\/wp-json\/wp\/v2\/users\/1"}],"replies":[{"embeddable":true,"href":"https:\/\/olaclic-dev.gentetech.co\/fr\/wp-json\/wp\/v2\/comments?post=961"}],"version-history":[{"count":7,"href":"https:\/\/olaclic-dev.gentetech.co\/fr\/wp-json\/wp\/v2\/pages\/961\/revisions"}],"predecessor-version":[{"id":25064,"href":"https:\/\/olaclic-dev.gentetech.co\/fr\/wp-json\/wp\/v2\/pages\/961\/revisions\/25064"}],"wp:attachment":[{"href":"https:\/\/olaclic-dev.gentetech.co\/fr\/wp-json\/wp\/v2\/media?parent=961"}],"curies":[{"name":"wp","href":"https:\/\/api.w.org\/{rel}","templated":true}]}}